{"id":28340,"date":"2022-09-01T00:00:48","date_gmt":"2022-08-31T22:00:48","guid":{"rendered":"https:\/\/aydee.be\/contact\/"},"modified":"2022-10-14T10:44:52","modified_gmt":"2022-10-14T08:44:52","slug":"contact","status":"publish","type":"page","link":"https:\/\/aydee.be\/nl\/contact\/","title":{"rendered":"Contact Aydee"},"content":{"rendered":"\t\t<div data-elementor-type=\"wp-page\" data-elementor-id=\"28340\" class=\"elementor elementor-28340 elementor-28022\" data-elementor-post-type=\"page\">\n\t\t\t\t\t\t<section class=\"elementor-section elementor-top-section elementor-element elementor-element-6fda8de qodef-elementor-content-grid elementor-section-boxed elementor-section-height-default elementor-section-height-default\" data-id=\"6fda8de\" data-element_type=\"section\">\n\t\t\t\t\t\t<div class=\"elementor-container elementor-column-gap-default\">\n\t\t\t\t\t<div class=\"elementor-column elementor-col-100 elementor-top-column elementor-element elementor-element-2c83f7a\" data-id=\"2c83f7a\" data-element_type=\"column\">\n\t\t\t<div class=\"elementor-widget-wrap elementor-element-populated\">\n\t\t\t\t\t\t<div class=\"elementor-element elementor-element-64083c4 elementor-widget elementor-widget-eidan_core_section_title\" data-id=\"64083c4\" data-element_type=\"widget\" data-widget_type=\"eidan_core_section_title.default\">\n\t\t\t\t<div class=\"elementor-widget-container\">\n\t\t\t<div class=\"qodef-shortcode qodef-m  qodef-section-title qodef-alignment--left \">\n\t\t<h1 class=\"qodef-m-title\" >\n\t\t\t\t\tContacteer ons\t\t\t<\/h1>\n\t<\/div>\n\t\t<\/div>\n\t\t\t\t<\/div>\n\t\t\t\t\t<\/div>\n\t\t<\/div>\n\t\t\t\t\t<\/div>\n\t\t<\/section>\n\t\t\t\t<section class=\"elementor-section elementor-top-section elementor-element elementor-element-af691bc qodef-elementor-content-grid elementor-section-boxed elementor-section-height-default elementor-section-height-default\" data-id=\"af691bc\" data-element_type=\"section\">\n\t\t\t\t\t\t<div class=\"elementor-container elementor-column-gap-default\">\n\t\t\t\t\t<div class=\"elementor-column elementor-col-50 elementor-top-column elementor-element elementor-element-d1f2b43\" data-id=\"d1f2b43\" data-element_type=\"column\">\n\t\t\t<div class=\"elementor-widget-wrap elementor-element-populated\">\n\t\t\t\t\t\t<div class=\"elementor-element elementor-element-5f50328 elementor-widget elementor-widget-eidan_core_section_title\" data-id=\"5f50328\" data-element_type=\"widget\" data-widget_type=\"eidan_core_section_title.default\">\n\t\t\t\t<div class=\"elementor-widget-container\">\n\t\t\t<div class=\"qodef-shortcode qodef-m  qodef-section-title qodef-alignment--left \">\n\t\t<h3 class=\"qodef-m-title\" >\n\t\t\t\t\tDilbeek\t\t\t<\/h3>\n\t<\/div>\n\t\t<\/div>\n\t\t\t\t<\/div>\n\t\t\t\t<div class=\"elementor-element elementor-element-fe47a70 elementor-widget elementor-widget-text-editor\" data-id=\"fe47a70\" data-element_type=\"widget\" data-widget_type=\"text-editor.default\">\n\t\t\t\t<div class=\"elementor-widget-container\">\n\t\t\t\t\t\t\t<ul>\n \t\n \t<li><span style=\"color: #4d4d4d;\"><a style=\"color: #4d4d4d;\" href=\"tel:+32 474 24 20 53\">+32 (0) 474 24 20 53<\/a><\/span><\/li>\n \t<li><span style=\"color: #4d4d4d;\"><a style=\"color: #4d4d4d;\" href=\"mailto:contact@aydee.be\" target=\"_blank\" rel=\"noopener\">contact@aydee.be<\/a><\/span><\/li>\n<\/ul>\t\t\t\t\t\t<\/div>\n\t\t\t\t<\/div>\n\t\t\t\t\t<\/div>\n\t\t<\/div>\n\t\t\t\t<div class=\"elementor-column elementor-col-50 elementor-top-column elementor-element elementor-element-bafe058\" data-id=\"bafe058\" data-element_type=\"column\">\n\t\t\t<div class=\"elementor-widget-wrap elementor-element-populated\">\n\t\t\t\t\t\t<div class=\"elementor-element elementor-element-52070bf elementor-widget elementor-widget-eidan_core_section_title\" data-id=\"52070bf\" data-element_type=\"widget\" data-widget_type=\"eidan_core_section_title.default\">\n\t\t\t\t<div class=\"elementor-widget-container\">\n\t\t\t<div class=\"qodef-shortcode qodef-m  qodef-section-title qodef-alignment--left \">\n\t\t<h3 class=\"qodef-m-title\" >\n\t\t\t\t\tVorst\t\t\t<\/h3>\n\t<\/div>\n\t\t<\/div>\n\t\t\t\t<\/div>\n\t\t\t\t<div class=\"elementor-element elementor-element-c834c44 elementor-widget elementor-widget-text-editor\" data-id=\"c834c44\" data-element_type=\"widget\" data-widget_type=\"text-editor.default\">\n\t\t\t\t<div class=\"elementor-widget-container\">\n\t\t\t\t\t\t\t<ul>\n \t<li><span style=\"color: #4d4d4d;\"><a style=\"color: #4d4d4d;\" href=\"tel:++32484702375\">+32 (0) 484 70 23 75<\/a><\/span><\/li>\n \t<li><span style=\"color: #4d4d4d;\"><a style=\"color: #4d4d4d;\" href=\"mailto:eidan@qodeinteractive.com\" target=\"_blank\" rel=\"noopener\">contact@aydee.be<\/a><\/span><\/li>\n<\/ul>\t\t\t\t\t\t<\/div>\n\t\t\t\t<\/div>\n\t\t\t\t\t<\/div>\n\t\t<\/div>\n\t\t\t\t\t<\/div>\n\t\t<\/section>\n\t\t\t\t<section class=\"elementor-section elementor-top-section elementor-element elementor-element-b971084 qodef-elementor-content-grid elementor-section-boxed elementor-section-height-default elementor-section-height-default\" data-id=\"b971084\" data-element_type=\"section\">\n\t\t\t\t\t\t<div class=\"elementor-container elementor-column-gap-default\">\n\t\t\t\t\t<div class=\"elementor-column elementor-col-100 elementor-top-column elementor-element elementor-element-f837333\" data-id=\"f837333\" data-element_type=\"column\">\n\t\t\t<div class=\"elementor-widget-wrap elementor-element-populated\">\n\t\t\t\t\t\t<div class=\"elementor-element elementor-element-0c4ad1e elementor-widget elementor-widget-eidan_core_section_title\" data-id=\"0c4ad1e\" data-element_type=\"widget\" data-widget_type=\"eidan_core_section_title.default\">\n\t\t\t\t<div class=\"elementor-widget-container\">\n\t\t\t<div class=\"qodef-shortcode qodef-m  qodef-section-title qodef-alignment--left \">\n\t\t<h2 class=\"qodef-m-title\" >\n\t\t\t\t\tStuur ons een bericht\t\t\t<\/h2>\n\t<\/div>\n\t\t<\/div>\n\t\t\t\t<\/div>\n\t\t\t\t<div class=\"elementor-element elementor-element-174b59a elementor-widget elementor-widget-wp-widget-eidan_core_contact_form_7\" data-id=\"174b59a\" data-element_type=\"widget\" data-widget_type=\"wp-widget-eidan_core_contact_form_7.default\">\n\t\t\t\t<div class=\"elementor-widget-container\">\n\t\t\t\t\t\t<div class=\"qodef-contact-form-7\">\n\t\t\t\t\n<div class=\"wpcf7 no-js\" id=\"wpcf7-f28346-o1\" lang=\"nl-NL\" dir=\"ltr\" data-wpcf7-id=\"28346\">\n<div class=\"screen-reader-response\"><p role=\"status\" aria-live=\"polite\" aria-atomic=\"true\"><\/p> <ul><\/ul><\/div>\n<form action=\"\/nl\/wp-json\/wp\/v2\/pages\/28340#wpcf7-f28346-o1\" method=\"post\" class=\"wpcf7-form init\" aria-label=\"Contactformulier\" novalidate=\"novalidate\" data-status=\"init\">\n<div style=\"display: none;\">\n<input type=\"hidden\" name=\"_wpcf7\" value=\"28346\" \/>\n<input type=\"hidden\" name=\"_wpcf7_version\" value=\"6.0.1\" \/>\n<input type=\"hidden\" name=\"_wpcf7_locale\" value=\"nl_NL\" \/>\n<input type=\"hidden\" name=\"_wpcf7_unit_tag\" value=\"wpcf7-f28346-o1\" \/>\n<input type=\"hidden\" name=\"_wpcf7_container_post\" value=\"0\" \/>\n<input type=\"hidden\" name=\"_wpcf7_posted_data_hash\" value=\"\" \/>\n<\/div>\n<span class=\"wpcf7-form-control-wrap\" data-name=\"your-name\"><input size=\"40\" maxlength=\"400\" class=\"wpcf7-form-control wpcf7-text wpcf7-validates-as-required\" aria-required=\"true\" aria-invalid=\"false\" placeholder=\"Naam\" value=\"\" type=\"text\" name=\"your-name\" \/><\/span>\n<span class=\"wpcf7-form-control-wrap\" data-name=\"your-email\"><input size=\"40\" maxlength=\"400\" class=\"wpcf7-form-control wpcf7-email wpcf7-validates-as-required wpcf7-text wpcf7-validates-as-email\" aria-required=\"true\" aria-invalid=\"false\" placeholder=\"Email\" value=\"\" type=\"email\" name=\"your-email\" \/><\/span> \n<span class=\"wpcf7-form-control-wrap\" data-name=\"your-message\"><textarea cols=\"40\" rows=\"8\" maxlength=\"2000\" class=\"wpcf7-form-control wpcf7-textarea\" aria-invalid=\"false\" placeholder=\"Bericht\" name=\"your-message\"><\/textarea><\/span>\n\n<button class=\"wpcf7-form-control wpcf7-submit qodef-button qodef-size--normal qodef-layout--filled qodef-m qodef-form-submit\" type=\"submit\"><span class=\"qodef-m-text\">Versturen<\/span><\/button><p style=\"display: none !important;\" class=\"akismet-fields-container\" data-prefix=\"_wpcf7_ak_\"><label>&#916;<textarea name=\"_wpcf7_ak_hp_textarea\" cols=\"45\" rows=\"8\" maxlength=\"100\"><\/textarea><\/label><input type=\"hidden\" id=\"ak_js_1\" name=\"_wpcf7_ak_js\" value=\"138\"\/><script>document.getElementById( \"ak_js_1\" ).setAttribute( \"value\", ( new Date() ).getTime() );<\/script><\/p><div class=\"wpcf7-response-output\" aria-hidden=\"true\"><\/div>\n<\/form>\n<\/div>\n\t\t\t<\/div>\n\t\t\t\t\t<\/div>\n\t\t\t\t<\/div>\n\t\t\t\t\t<\/div>\n\t\t<\/div>\n\t\t\t\t\t<\/div>\n\t\t<\/section>\n\t\t\t\t<section class=\"elementor-section elementor-top-section elementor-element elementor-element-eaaa893 qodef-elementor-content-grid elementor-hidden-desktop elementor-hidden-tablet elementor-hidden-mobile elementor-section-boxed elementor-section-height-default elementor-section-height-default\" data-id=\"eaaa893\" data-element_type=\"section\">\n\t\t\t\t\t\t<div class=\"elementor-container elementor-column-gap-default\">\n\t\t\t\t\t<div class=\"elementor-column elementor-col-100 elementor-top-column elementor-element elementor-element-e7269f8\" data-id=\"e7269f8\" data-element_type=\"column\">\n\t\t\t<div class=\"elementor-widget-wrap elementor-element-populated\">\n\t\t\t\t\t\t<div class=\"elementor-element elementor-element-3083227 elementor-widget elementor-widget-eidan_core_section_title\" data-id=\"3083227\" data-element_type=\"widget\" data-widget_type=\"eidan_core_section_title.default\">\n\t\t\t\t<div class=\"elementor-widget-container\">\n\t\t\t<div class=\"qodef-shortcode qodef-m  qodef-section-title qodef-alignment--left \">\n\t\t<h1 class=\"qodef-m-title\" >\n\t\t\t\t\tL'\u00e9quipe\t\t\t<\/h1>\n\t<\/div>\n\t\t<\/div>\n\t\t\t\t<\/div>\n\t\t\t\t<div class=\"elementor-element elementor-element-4e9c6f3 elementor-widget elementor-widget-eidan_core_team_list\" data-id=\"4e9c6f3\" data-element_type=\"widget\" data-widget_type=\"eidan_core_team_list.default\">\n\t\t\t\t<div class=\"elementor-widget-container\">\n\t\t\t<div class=\"qodef-shortcode qodef-m  qodef-team-list qodef-item-layout--info-slide-out qodef-skin--light qodef-grid qodef-layout--columns  qodef-gutter--normal qodef-col-num--2 qodef-item-layout--info-slide-out qodef--no-bottom-space qodef-pagination--off qodef-responsive--custom qodef-col-num--1440--3 qodef-col-num--1366--3 qodef-col-num--1024--2 qodef-col-num--768--2 qodef-col-num--680--2 qodef-col-num--480--1\" data-options=\"{&quot;plugin&quot;:&quot;eidan_core&quot;,&quot;module&quot;:&quot;post-types\\\/team\\\/shortcodes&quot;,&quot;shortcode&quot;:&quot;team-list&quot;,&quot;post_type&quot;:&quot;team&quot;,&quot;next_page&quot;:&quot;2&quot;,&quot;max_pages_num&quot;:1,&quot;skin&quot;:&quot;light&quot;,&quot;behavior&quot;:&quot;columns&quot;,&quot;images_proportion&quot;:&quot;custom&quot;,&quot;custom_image_width&quot;:&quot;379&quot;,&quot;custom_image_height&quot;:&quot;514&quot;,&quot;columns&quot;:&quot;2&quot;,&quot;columns_responsive&quot;:&quot;custom&quot;,&quot;columns_1440&quot;:&quot;3&quot;,&quot;columns_1366&quot;:&quot;3&quot;,&quot;columns_1024&quot;:&quot;2&quot;,&quot;columns_768&quot;:&quot;2&quot;,&quot;columns_680&quot;:&quot;2&quot;,&quot;columns_480&quot;:&quot;1&quot;,&quot;space&quot;:&quot;normal&quot;,&quot;posts_per_page&quot;:&quot;2&quot;,&quot;orderby&quot;:&quot;date&quot;,&quot;order&quot;:&quot;ASC&quot;,&quot;layout&quot;:&quot;info-slide-out&quot;,&quot;title_tag&quot;:&quot;h4&quot;,&quot;pagination_type&quot;:&quot;no-pagination&quot;,&quot;object_class_name&quot;:&quot;EidanCore_Team_List_Shortcode&quot;,&quot;taxonomy_filter&quot;:&quot;team-category&quot;,&quot;additional_query_args&quot;:[],&quot;item_classes&quot;:&quot;qodef-e qodef-grid-item &quot;,&quot;space_value&quot;:15}\">\n\t\t<div class=\"qodef-grid-inner clear\">\n\t\t<div class=\"qodef-e qodef-grid-item  post-28111 team type-team status-publish has-post-thumbnail hentry team-category-aydee\">\n\t<div class=\"qodef-e-inner\" >\n\t\t<div class=\"qodef-e-image\">\n\t\t\t\t<div class=\"qodef-e-media-image\">\n\t\t<img fetchpriority=\"high\" decoding=\"async\" src=\"https:\/\/aydee.be\/wp-content\/uploads\/2022\/09\/Aydee-web-development-brussels-pierre-379x514.jpg\" alt=\"\" width=\"379\" height=\"514\" data-ratio=\"0.73735408560311\" \/>\t<\/div>\n\t\t\t\t<div class=\"qodef-team-member-social-icons\">\n\t\t\t\t\t\t\t<a class=\"qodef-team-member-social-icon\" href=\"https:\/\/www.linkedin.com\/company\/aydeebelgium\" target=\"_blank\">\n\t\t\t\t\t\t<span class=\"qodef-icon-ionicons ion-logo-linkedin\" ><\/span>\t\t\t\t\t<\/a>\n\t\t\t\t\t\t\t\t\t\t\t\t\t\t<a class=\"qodef-team-member-social-icon\" href=\"https:\/\/www.facebook.com\/aydeebelgium\" target=\"_blank\">\n\t\t\t\t\t\t<span class=\"qodef-icon-ionicons ion-logo-facebook\" ><\/span>\t\t\t\t\t<\/a>\n\t\t\t\t\t\t\t\t\t\t\t\t\t\t<a class=\"qodef-team-member-social-icon\" href=\"https:\/\/www.instagram.com\/_aydeebelgium\/\" target=\"_blank\">\n\t\t\t\t\t\t<span class=\"qodef-icon-ionicons ion-logo-instagram\" ><\/span>\t\t\t\t\t<\/a>\n\t\t\t\t\t\t\t\t\t\t\t\t\t\t<a class=\"qodef-team-member-social-icon\" href=\"tel:+32484702375\" target=\"_self\">\n\t\t\t\t\t\t<span class=\"qodef-icon-ionicons ion-md-phone-portrait\" ><\/span>\t\t\t\t\t<\/a>\n\t\t\t\t\t\t\t\t\t\t\t\t\t\t<a class=\"qodef-team-member-social-icon\" href=\"mailto:contact@aydee.be\" target=\"_blank\">\n\t\t\t\t\t\t<span class=\"qodef-icon-ionicons ion-ios-mail\" ><\/span>\t\t\t\t\t<\/a>\n\t\t\t\t\t\t\t\t\t\t<\/div>\n\t\t<\/div>\n\t\t<div class=\"qodef-e-content\">\n\t\t\t\t<p class=\"qodef-e-role\">Co-Fondateur  D\u00e9veloppeur Front-End<\/p>\n\t\t\t<h4 itemprop=\"name\" class=\"qodef-e-title entry-title\" >\n\tPierre<\/h4>\n\t\t<\/div>\n\t<\/div>\n<\/div>\n<div class=\"qodef-e qodef-grid-item  post-28112 team type-team status-publish has-post-thumbnail hentry team-category-aydee\">\n\t<div class=\"qodef-e-inner\" >\n\t\t<div class=\"qodef-e-image\">\n\t\t\t\t<div class=\"qodef-e-media-image\">\n\t\t<img decoding=\"async\" src=\"https:\/\/aydee.be\/wp-content\/uploads\/2022\/09\/Aydee-web-development-brussels-mohammed-1-379x514.jpg\" alt=\"\" width=\"379\" height=\"514\" data-ratio=\"0.73735408560311\" \/>\t<\/div>\n\t\t\t\t<div class=\"qodef-team-member-social-icons\">\n\t\t\t\t\t\t\t<a class=\"qodef-team-member-social-icon\" href=\"https:\/\/www.linkedin.com\/company\/aydeebelgium\" target=\"_blank\">\n\t\t\t\t\t\t<span class=\"qodef-icon-ionicons ion-logo-linkedin\" ><\/span>\t\t\t\t\t<\/a>\n\t\t\t\t\t\t\t\t\t\t\t\t\t\t<a class=\"qodef-team-member-social-icon\" href=\"https:\/\/www.facebook.com\/aydeebelgium\" target=\"_blank\">\n\t\t\t\t\t\t<span class=\"qodef-icon-ionicons ion-logo-facebook\" ><\/span>\t\t\t\t\t<\/a>\n\t\t\t\t\t\t\t\t\t\t\t\t\t\t<a class=\"qodef-team-member-social-icon\" href=\"https:\/\/www.instagram.com\/_aydeebelgium\/\" target=\"_blank\">\n\t\t\t\t\t\t<span class=\"qodef-icon-ionicons ion-logo-instagram\" ><\/span>\t\t\t\t\t<\/a>\n\t\t\t\t\t\t\t\t\t\t\t\t\t\t<a class=\"qodef-team-member-social-icon\" href=\"tel:+32474242053\" target=\"_self\">\n\t\t\t\t\t\t<span class=\"qodef-icon-ionicons ion-md-phone-portrait\" ><\/span>\t\t\t\t\t<\/a>\n\t\t\t\t\t\t\t\t\t\t\t\t\t\t<a class=\"qodef-team-member-social-icon\" href=\"mailto:contact@aydee.be\" target=\"_blank\">\n\t\t\t\t\t\t<span class=\"qodef-icon-ionicons ion-ios-mail\" ><\/span>\t\t\t\t\t<\/a>\n\t\t\t\t\t\t\t\t\t\t<\/div>\n\t\t<\/div>\n\t\t<div class=\"qodef-e-content\">\n\t\t\t\t<p class=\"qodef-e-role\">Co-Fondateur  D\u00e9veloppeur Full-Stack<\/p>\n\t\t\t<h4 itemprop=\"name\" class=\"qodef-e-title entry-title\" >\n\tMohammed<\/h4>\n\t\t<\/div>\n\t<\/div>\n<\/div>\n\t<\/div>\n\t<\/div>\n\t\t<\/div>\n\t\t\t\t<\/div>\n\t\t\t\t\t<\/div>\n\t\t<\/div>\n\t\t\t\t\t<\/div>\n\t\t<\/section>\n\t\t\t\t<\/div>\n\t\t","protected":false},"excerpt":{"rendered":"<p>Contacteer ons Dilbeek +32 (0) 474 24 20 53 contact@aydee.be Vorst +32 (0) 484 70 23 75 contact@aydee.be Stuur ons een bericht L&#8217;\u00e9quipe Co-Fondateur D\u00e9veloppeur Front-End Pierre Co-Fondateur D\u00e9veloppeur Full-Stack Mohammed<\/p>\n","protected":false},"author":2,"featured_media":0,"parent":0,"menu_order":0,"comment_status":"closed","ping_status":"closed","template":"page-full-width.php","meta":{"footnotes":""},"class_list":["post-28340","page","type-page","status-publish","hentry"],"_links":{"self":[{"href":"https:\/\/aydee.be\/nl\/wp-json\/wp\/v2\/pages\/28340","targetHints":{"allow":["GET"]}}],"collection":[{"href":"https:\/\/aydee.be\/nl\/wp-json\/wp\/v2\/pages"}],"about":[{"href":"https:\/\/aydee.be\/nl\/wp-json\/wp\/v2\/types\/page"}],"author":[{"embeddable":true,"href":"https:\/\/aydee.be\/nl\/wp-json\/wp\/v2\/users\/2"}],"replies":[{"embeddable":true,"href":"https:\/\/aydee.be\/nl\/wp-json\/wp\/v2\/comments?post=28340"}],"version-history":[{"count":10,"href":"https:\/\/aydee.be\/nl\/wp-json\/wp\/v2\/pages\/28340\/revisions"}],"predecessor-version":[{"id":28444,"href":"https:\/\/aydee.be\/nl\/wp-json\/wp\/v2\/pages\/28340\/revisions\/28444"}],"wp:attachment":[{"href":"https:\/\/aydee.be\/nl\/wp-json\/wp\/v2\/media?parent=28340"}],"curies":[{"name":"wp","href":"https:\/\/api.w.org\/{rel}","templated":true}]}}